{"id":6922,"date":"2023-11-19T10:39:22","date_gmt":"2023-11-19T10:39:22","guid":{"rendered":"http:\/\/demo.wpzoom.com\/inspiro-lite-blocks-xml\/?page_id=6922"},"modified":"2024-05-03T22:15:17","modified_gmt":"2024-05-03T20:15:17","slug":"homepage","status":"publish","type":"page","link":"https:\/\/beauweb.ca\/","title":{"rendered":"Homepage"},"content":{"rendered":"\n<div class=\"wp-block-cover alignfull\" style=\"min-height:100vh;aspect-ratio:unset;\"><span aria-hidden=\"true\" class=\"wp-block-cover__background has-background-dim-30 has-background-dim\"><\/span><video class=\"wp-block-cover__video-background intrinsic-ignore\" autoplay muted loop playsinline src=\"http:\/\/beauweb.ca\/citytrafic.mp4\" style=\"object-position:48% 49%\" data-object-fit=\"cover\" data-object-position=\"48% 49%\"><\/video><div class=\"wp-block-cover__inner-container has-global-padding is-layout-constrained wp-block-cover-is-layout-constrained\">\n<h1 class=\"wp-block-heading has-text-align-center has-white-color has-text-color has-max-72-font-size\"><strong>Cr\u00e9ation. Inspiration.<\/strong> Programmation.<\/h1>\n\n\n\n<hr class=\"wp-block-separator has-text-color has-alpha-channel-opacity has-background is-style-default\" style=\"margin-top:var(--wp--preset--spacing--x-small);margin-bottom:var(--wp--preset--spacing--x-small);background-color:#ffffff47;color:#ffffff47\"\/>\n\n\n\n<div style=\"height:25px\" aria-hidden=\"true\" class=\"wp-block-spacer\"><\/div>\n\n\n\n<p class=\"has-text-align-center has-white-color has-text-color has-medium-font-size\">Compgnie de d\u00e9veloppement d&rsquo;application et site web.<\/p>\n\n\n\n<div class=\"wp-block-buttons is-content-justification-center is-layout-flex wp-container-core-buttons-is-layout-a89b3969 wp-block-buttons-is-layout-flex\"><\/div>\n<\/div><\/div>\n\n\n\n<div class=\"wp-block-group alignfull pattern_multiple_covers has-lightgrey-background-color has-background has-global-padding is-layout-constrained wp-block-group-is-layout-constrained\" id=\"services\">\n<div style=\"height:84px\" aria-hidden=\"true\" class=\"wp-block-spacer\"><\/div>\n\n\n\n<h2 class=\"wp-block-heading has-text-align-left\">Nos Services<\/h2>\n\n\n\n<p class=\"has-text-align-left\">Nous offrons tous les services pour la cr\u00e9ation de votre site. Et nous offrons aussi le service de r\u00e9servation et h\u00e9bergement de votre nom de domaine et  l&rsquo;h\u00e9bergement pour votre site web. <\/p>\n\n\n\n<div style=\"height:46px\" aria-hidden=\"true\" class=\"wp-block-spacer\"><\/div>\n\n\n\n<div class=\"wp-block-columns is-layout-flex wp-container-core-columns-is-layout-28f84493 wp-block-columns-is-layout-flex\">\n<div class=\"wp-block-column is-layout-flow wp-block-column-is-layout-flow\" style=\"padding-top:0;padding-right:0;padding-bottom:0;padding-left:0\">\n<div class=\"wp-block-cover has-custom-content-position is-position-bottom-left\" style=\"padding-top:var(--wp--preset--spacing--small);padding-right:var(--wp--preset--spacing--x-small);padding-bottom:var(--wp--preset--spacing--small);padding-left:var(--wp--preset--spacing--x-small)\"><span aria-hidden=\"true\" class=\"wp-block-cover__background has-primary-background-color has-background-dim-70 has-background-dim\"><\/span><img decoding=\"async\" class=\"wp-block-cover__image-background wp-image-7392\" alt=\"\" src=\"http:\/\/demo.wpzoom.com\/inspiro-lite-blocks-xml\/wp-content\/themes\/inspiro-lite\/assets\/images\/StockSnap_356BERTH29.jpg\" data-object-fit=\"cover\"\/><div class=\"wp-block-cover__inner-container is-layout-flow wp-block-cover-is-layout-flow\">\n<h3 class=\"wp-block-heading has-white-color has-text-color has-medium-font-size\" style=\"margin-top:0;margin-right:0;margin-bottom:0;margin-left:0\">Cr\u00e9ation<br>Multivisuel<\/h3>\n\n\n\n<p class=\"has-secondary-color has-text-color has-link-color wp-elements-9691f0a90a38e8845f8d3e9ccf3c770b\" style=\"margin-top:0;margin-right:0;margin-bottom:0;margin-left:0\"><a href=\"#\">Explore more \u2192<\/a><\/p>\n<\/div><\/div>\n<\/div>\n\n\n\n<div class=\"wp-block-column is-layout-flow wp-block-column-is-layout-flow\" style=\"padding-top:0;padding-right:0;padding-bottom:0;padding-left:0\">\n<div class=\"wp-block-cover has-custom-content-position is-position-bottom-left\" style=\"padding-top:var(--wp--preset--spacing--small);padding-right:var(--wp--preset--spacing--x-small);padding-bottom:var(--wp--preset--spacing--small);padding-left:var(--wp--preset--spacing--x-small)\"><span aria-hidden=\"true\" class=\"wp-block-cover__background has-primary-background-color has-background-dim-70 has-background-dim\"><\/span><img decoding=\"async\" class=\"wp-block-cover__image-background wp-image-7394\" alt=\"\" src=\"http:\/\/demo.wpzoom.com\/inspiro-lite-blocks-xml\/wp-content\/themes\/inspiro-lite\/assets\/images\/StockSnap_KV0WLH355C.jpg\" data-object-fit=\"cover\"\/><div class=\"wp-block-cover__inner-container is-layout-flow wp-block-cover-is-layout-flow\">\n<h3 class=\"wp-block-heading has-white-color has-text-color has-medium-font-size\" style=\"margin-top:0;margin-right:0;margin-bottom:0;margin-left:0\">R\u00e9servation de <\/h3>\n\n\n\n<h3 class=\"wp-block-heading has-white-color has-text-color has-medium-font-size\" style=\"margin-top:0;margin-right:0;margin-bottom:0;margin-left:0\">nom de domaine<\/h3>\n\n\n\n<p class=\"has-secondary-color has-text-color has-link-color wp-elements-9691f0a90a38e8845f8d3e9ccf3c770b\" style=\"margin-top:0;margin-right:0;margin-bottom:0;margin-left:0\"><a href=\"#\">Explore more \u2192<\/a><\/p>\n<\/div><\/div>\n<\/div>\n\n\n\n<div class=\"wp-block-column is-layout-flow wp-block-column-is-layout-flow\" style=\"padding-top:0;padding-right:0;padding-bottom:0;padding-left:0\">\n<div class=\"wp-block-cover has-custom-content-position is-position-bottom-left\" style=\"padding-top:var(--wp--preset--spacing--small);padding-right:var(--wp--preset--spacing--x-small);padding-bottom:var(--wp--preset--spacing--small);padding-left:var(--wp--preset--spacing--x-small)\"><span aria-hidden=\"true\" class=\"wp-block-cover__background has-primary-background-color has-background-dim-70 has-background-dim\"><\/span><img loading=\"lazy\" decoding=\"async\" width=\"200\" height=\"186\" class=\"wp-block-cover__image-background wp-image-6967\" alt=\"\" src=\"http:\/\/beauweb.ca\/wp-content\/uploads\/2024\/04\/server.png\" data-object-fit=\"cover\"\/><div class=\"wp-block-cover__inner-container is-layout-flow wp-block-cover-is-layout-flow\">\n<h3 class=\"wp-block-heading has-white-color has-text-color has-medium-font-size\" style=\"margin-top:0;margin-right:0;margin-bottom:0;margin-left:0\">H\u00e9bergement<br>Web<\/h3>\n\n\n\n<p class=\"has-secondary-color has-text-color has-link-color wp-elements-9691f0a90a38e8845f8d3e9ccf3c770b\" style=\"margin-top:0;margin-right:0;margin-bottom:0;margin-left:0\"><a href=\"#\">Explore more \u2192<\/a><\/p>\n<\/div><\/div>\n<\/div>\n<\/div>\n\n\n\n<div style=\"height:103px\" aria-hidden=\"true\" class=\"wp-block-spacer\"><\/div>\n<\/div>\n\n\n\n<div class=\"wp-block-group alignfull has-global-padding is-layout-constrained wp-block-group-is-layout-constrained\">\n<div class=\"wp-block-group has-global-padding is-layout-constrained wp-block-group-is-layout-constrained\" style=\"padding-top:var(--wp--preset--spacing--small);padding-bottom:var(--wp--preset--spacing--small)\">\n<div style=\"height:30px\" aria-hidden=\"true\" class=\"wp-block-spacer\"><\/div>\n\n\n\n<div class=\"wp-block-columns is-layout-flex wp-container-core-columns-is-layout-c375d253 wp-block-columns-is-layout-flex\">\n<div class=\"wp-block-column is-vertically-aligned-center is-layout-flow wp-block-column-is-layout-flow\">\n<h2 class=\"wp-block-heading has-medium-font-size\" style=\"text-transform:uppercase\">Nous sommes en informatique depuis les 30 <\/h2>\n\n\n\n<h2 class=\"wp-block-heading has-medium-font-size\" style=\"text-transform:uppercase\">derni\u00e8res ann\u00e9es. C&rsquo;est en 1994 avec l&rsquo;arriv\u00e9 de <\/h2>\n\n\n\n<h2 class=\"wp-block-heading has-medium-font-size\" style=\"text-transform:uppercase\">l&rsquo;internet que nous avons compris que le futur <\/h2>\n\n\n\n<h2 class=\"wp-block-heading has-medium-font-size\" style=\"text-transform:uppercase\">serait sur Internet et nous nous sommes donc <\/h2>\n\n\n\n<h2 class=\"wp-block-heading has-medium-font-size\" style=\"text-transform:uppercase\">concentr\u00e9 sur la programmation d&rsquo;application <\/h2>\n\n\n\n<h2 class=\"wp-block-heading has-medium-font-size\" style=\"text-transform:uppercase\">UTILISANT LES TECHNOLOGIES web.<\/h2>\n\n\n\n<p><\/p>\n\n\n\n<div class=\"wp-block-buttons is-horizontal is-content-justification-left is-layout-flex wp-container-core-buttons-is-layout-20be11b6 wp-block-buttons-is-layout-flex\"><\/div>\n\n\n\n<p><\/p>\n<\/div>\n\n\n\n<div class=\"wp-block-column is-layout-flow wp-block-column-is-layout-flow\">\n<figure class=\"wp-block-image size-large\"><img loading=\"lazy\" decoding=\"async\" width=\"1024\" height=\"682\" src=\"http:\/\/beauweb.ca\/wp-content\/uploads\/2024\/04\/website-647013_1920-1024x682.jpg\" alt=\"\" class=\"wp-image-6938\" srcset=\"https:\/\/beauweb.ca\/wp-content\/uploads\/2024\/04\/website-647013_1920-1024x682.jpg 1024w, https:\/\/beauweb.ca\/wp-content\/uploads\/2024\/04\/website-647013_1920-300x200.jpg 300w, https:\/\/beauweb.ca\/wp-content\/uploads\/2024\/04\/website-647013_1920.jpg 1920w\" sizes=\"auto, (max-width: 1024px) 100vw, 1024px\" \/><\/figure>\n<\/div>\n<\/div>\n\n\n\n<div style=\"height:30px\" aria-hidden=\"true\" class=\"wp-block-spacer\"><\/div>\n<\/div>\n<\/div>\n\n\n\n<div class=\"wp-block-group alignfull has-white-color has-text-color has-background has-global-padding is-layout-constrained wp-block-group-is-layout-constrained\" style=\"background-color:#26089e\">\n<div class=\"wp-block-group has-global-padding is-layout-constrained wp-block-group-is-layout-constrained\" style=\"padding-top:var(--wp--preset--spacing--small);padding-bottom:var(--wp--preset--spacing--small)\">\n<div style=\"height:30px\" aria-hidden=\"true\" class=\"wp-block-spacer\"><\/div>\n\n\n\n<div class=\"wp-block-columns are-vertically-aligned-center is-layout-flex wp-container-core-columns-is-layout-c375d253 wp-block-columns-is-layout-flex\">\n<div class=\"wp-block-column is-vertically-aligned-center is-layout-flow wp-block-column-is-layout-flow\">\n<figure class=\"wp-block-image size-full\"><img loading=\"lazy\" decoding=\"async\" width=\"418\" height=\"299\" src=\"http:\/\/beauweb.ca\/wp-content\/uploads\/2024\/04\/usinuagepreview-1.png\" alt=\"\" class=\"wp-image-6937\" srcset=\"https:\/\/beauweb.ca\/wp-content\/uploads\/2024\/04\/usinuagepreview-1.png 418w, https:\/\/beauweb.ca\/wp-content\/uploads\/2024\/04\/usinuagepreview-1-300x215.png 300w\" sizes=\"auto, (max-width: 418px) 100vw, 418px\" \/><\/figure>\n<\/div>\n\n\n\n<div class=\"wp-block-column is-vertically-aligned-center is-layout-flow wp-block-column-is-layout-flow\">\n<p>Nous offrons aussi en plus de site web, des applications internet (SAAS). Nous utilisons les technologies qui seront les plus appropri\u00e9es pour votre cas sp\u00e9cifiques. <\/p>\n\n\n\n<p>Nous avons aussi d\u00e9velopp\u00e9 USINUAGE une application SAAS ERP pour la gestion de commandes, inventaires, planification d&rsquo;ouvrage et livraison\/r\u00e9ception.<\/p>\n\n\n\n<div class=\"wp-block-buttons is-layout-flex wp-block-buttons-is-layout-flex\">\n<div class=\"wp-block-button is-style-outline is-style-outline--1\" style=\"font-style:normal;font-weight:600\"><a class=\"wp-block-button__link wp-element-button\" href=\"https:\/\/usinuage.com\" style=\"border-radius:0px\">Usinuage<\/a><\/div>\n<\/div>\n<\/div>\n<\/div>\n<\/div>\n<\/div>\n\n\n\n<div class=\"wp-block-group alignfull portfolio-dark has-black-background-color has-background has-global-padding is-layout-constrained wp-block-group-is-layout-constrained\" id=\"portfolio\" style=\"margin-top:0px\">\n<div style=\"height:83px\" aria-hidden=\"true\" class=\"wp-block-spacer\"><\/div>\n\n\n\n<h2 class=\"wp-block-heading has-text-align-left has-white-color has-text-color has-large-font-size\">PORTFOLIO<\/h2>\n\n\n\n<div style=\"height:50px\" aria-hidden=\"true\" class=\"wp-block-spacer\"><\/div>\n\n\n\n<figure class=\"wp-block-gallery has-nested-images columns-default is-cropped wp-block-gallery-2 is-layout-flex wp-block-gallery-is-layout-flex\">\n<figure class=\"wp-block-image size-large\"><img loading=\"lazy\" decoding=\"async\" width=\"1024\" height=\"677\" data-id=\"6939\" src=\"http:\/\/beauweb.ca\/wp-content\/uploads\/2024\/04\/alpha-1024x677.png\" alt=\"\" class=\"wp-image-6939\" srcset=\"https:\/\/beauweb.ca\/wp-content\/uploads\/2024\/04\/alpha-1024x677.png 1024w, https:\/\/beauweb.ca\/wp-content\/uploads\/2024\/04\/alpha-300x198.png 300w, https:\/\/beauweb.ca\/wp-content\/uploads\/2024\/04\/alpha.png 1337w\" sizes=\"auto, (max-width: 1024px) 100vw, 1024px\" \/><\/figure>\n\n\n\n<figure class=\"wp-block-image size-large\"><img loading=\"lazy\" decoding=\"async\" width=\"1024\" height=\"582\" data-id=\"6940\" src=\"http:\/\/beauweb.ca\/wp-content\/uploads\/2024\/04\/lacblanc-1024x582.png\" alt=\"\" class=\"wp-image-6940\" srcset=\"https:\/\/beauweb.ca\/wp-content\/uploads\/2024\/04\/lacblanc-1024x582.png 1024w, https:\/\/beauweb.ca\/wp-content\/uploads\/2024\/04\/lacblanc-300x171.png 300w, https:\/\/beauweb.ca\/wp-content\/uploads\/2024\/04\/lacblanc.png 1339w\" sizes=\"auto, (max-width: 1024px) 100vw, 1024px\" \/><\/figure>\n\n\n\n<figure class=\"wp-block-image size-large\"><img loading=\"lazy\" decoding=\"async\" width=\"1024\" height=\"669\" data-id=\"6941\" src=\"http:\/\/beauweb.ca\/wp-content\/uploads\/2024\/04\/mv-1024x669.png\" alt=\"\" class=\"wp-image-6941\" srcset=\"https:\/\/beauweb.ca\/wp-content\/uploads\/2024\/04\/mv-1024x669.png 1024w, https:\/\/beauweb.ca\/wp-content\/uploads\/2024\/04\/mv-300x196.png 300w, https:\/\/beauweb.ca\/wp-content\/uploads\/2024\/04\/mv.png 1340w\" sizes=\"auto, (max-width: 1024px) 100vw, 1024px\" \/><\/figure>\n\n\n\n<figure class=\"wp-block-image size-large\"><img loading=\"lazy\" decoding=\"async\" width=\"960\" height=\"728\" data-id=\"6942\" src=\"http:\/\/beauweb.ca\/wp-content\/uploads\/2024\/04\/pizza.jpg\" alt=\"\" class=\"wp-image-6942\" srcset=\"https:\/\/beauweb.ca\/wp-content\/uploads\/2024\/04\/pizza.jpg 960w, https:\/\/beauweb.ca\/wp-content\/uploads\/2024\/04\/pizza-300x228.jpg 300w\" sizes=\"auto, (max-width: 960px) 100vw, 960px\" \/><\/figure>\n\n\n\n<figure class=\"wp-block-image size-large\"><img loading=\"lazy\" decoding=\"async\" width=\"1024\" height=\"673\" data-id=\"6944\" src=\"http:\/\/beauweb.ca\/wp-content\/uploads\/2024\/04\/promoule-1024x673.png\" alt=\"\" class=\"wp-image-6944\" srcset=\"https:\/\/beauweb.ca\/wp-content\/uploads\/2024\/04\/promoule-1024x673.png 1024w, https:\/\/beauweb.ca\/wp-content\/uploads\/2024\/04\/promoule-300x197.png 300w, https:\/\/beauweb.ca\/wp-content\/uploads\/2024\/04\/promoule.png 1337w\" sizes=\"auto, (max-width: 1024px) 100vw, 1024px\" \/><\/figure>\n\n\n\n<figure class=\"wp-block-image size-large\"><img loading=\"lazy\" decoding=\"async\" width=\"1024\" height=\"702\" data-id=\"6945\" src=\"http:\/\/beauweb.ca\/wp-content\/uploads\/2024\/04\/usitech-1024x702.png\" alt=\"\" class=\"wp-image-6945\" srcset=\"https:\/\/beauweb.ca\/wp-content\/uploads\/2024\/04\/usitech-1024x702.png 1024w, https:\/\/beauweb.ca\/wp-content\/uploads\/2024\/04\/usitech-300x206.png 300w, https:\/\/beauweb.ca\/wp-content\/uploads\/2024\/04\/usitech.png 1337w\" sizes=\"auto, (max-width: 1024px) 100vw, 1024px\" \/><\/figure>\n<\/figure>\n\n\n\n<p><\/p>\n<\/div>\n\n\n\n<div id=\"team\" class=\"wp-block-group has-global-padding is-layout-constrained wp-container-core-group-is-layout-3a820303 wp-block-group-is-layout-constrained\" style=\"padding-right:var(--wp--preset--spacing--small);padding-left:var(--wp--preset--spacing--small)\">\n<h2 class=\"wp-block-heading\">Ce que nous utilisons <strong>fr\u00e9quemment<\/strong><\/h2>\n\n\n\n<div class=\"wp-block-group alignfull is-content-justification-space-between is-nowrap is-layout-flex wp-container-core-group-is-layout-cb46ffcb wp-block-group-is-layout-flex\">\n<figure class=\"wp-block-image size-full\"><img loading=\"lazy\" decoding=\"async\" width=\"125\" height=\"48\" src=\"http:\/\/beauweb.ca\/wp-content\/uploads\/2024\/04\/MSBusinessSolutions.gif\" alt=\"\" class=\"wp-image-7011\"\/><\/figure>\n\n\n\n<figure class=\"wp-block-image size-full\"><img loading=\"lazy\" decoding=\"async\" width=\"100\" height=\"53\" src=\"http:\/\/beauweb.ca\/wp-content\/uploads\/2024\/04\/MSDotNetLogo.gif\" alt=\"\" class=\"wp-image-7012\"\/><\/figure>\n\n\n\n<figure class=\"wp-block-image size-full\"><img loading=\"lazy\" decoding=\"async\" width=\"150\" height=\"38\" src=\"http:\/\/beauweb.ca\/wp-content\/uploads\/2024\/04\/sql-server.png\" alt=\"\" class=\"wp-image-7014\"\/><\/figure>\n\n\n\n<figure class=\"wp-block-image size-full\"><img loading=\"lazy\" decoding=\"async\" width=\"100\" height=\"100\" src=\"http:\/\/beauweb.ca\/wp-content\/uploads\/2024\/04\/download-1.jpeg\" alt=\"\" class=\"wp-image-7004\"\/><\/figure>\n\n\n\n<figure class=\"wp-block-image size-full\"><img loading=\"lazy\" decoding=\"async\" width=\"100\" height=\"74\" src=\"http:\/\/beauweb.ca\/wp-content\/uploads\/2024\/04\/vb-dot-net.png\" alt=\"\" class=\"wp-image-7015\"\/><\/figure>\n\n\n\n<figure class=\"wp-block-image size-full\"><img loading=\"lazy\" decoding=\"async\" width=\"150\" height=\"61\" src=\"http:\/\/beauweb.ca\/wp-content\/uploads\/2024\/04\/asp.net-logo-MSA-Technosoft.png\" alt=\"\" class=\"wp-image-7000\"\/><\/figure>\n\n\n\n<figure class=\"wp-block-image size-full\"><img loading=\"lazy\" decoding=\"async\" width=\"100\" height=\"37\" src=\"http:\/\/beauweb.ca\/wp-content\/uploads\/2024\/04\/vsstudio.png\" alt=\"\" class=\"wp-image-7017\"\/><\/figure>\n\n\n\n<figure class=\"wp-block-image size-full\"><img loading=\"lazy\" decoding=\"async\" width=\"100\" height=\"100\" src=\"http:\/\/beauweb.ca\/wp-content\/uploads\/2024\/04\/csharp.png\" alt=\"\" class=\"wp-image-7002\"\/><\/figure>\n\n\n\n<figure class=\"wp-block-image size-large is-resized\"><img loading=\"lazy\" decoding=\"async\" width=\"1024\" height=\"278\" src=\"https:\/\/beauweb.ca\/wp-content\/uploads\/2024\/05\/open-ai-logo-1024x278.png\" alt=\"\" class=\"wp-image-7048\" style=\"width:159px;height:auto\" srcset=\"https:\/\/beauweb.ca\/wp-content\/uploads\/2024\/05\/open-ai-logo-1024x278.png 1024w, https:\/\/beauweb.ca\/wp-content\/uploads\/2024\/05\/open-ai-logo-300x82.png 300w, https:\/\/beauweb.ca\/wp-content\/uploads\/2024\/05\/open-ai-logo.png 1800w\" sizes=\"auto, (max-width: 1024px) 100vw, 1024px\" \/><\/figure>\n<\/div>\n<\/div>\n\n\n\n<div class=\"wp-block-group alignfull is-content-justification-space-between is-nowrap is-layout-flex wp-container-core-group-is-layout-cb46ffcb wp-block-group-is-layout-flex\">\n<figure class=\"wp-block-image size-full\"><img loading=\"lazy\" decoding=\"async\" width=\"100\" height=\"100\" src=\"http:\/\/beauweb.ca\/wp-content\/uploads\/2024\/04\/images.png\" alt=\"\" class=\"wp-image-7010\"\/><\/figure>\n\n\n\n<figure class=\"wp-block-image size-full\"><img loading=\"lazy\" decoding=\"async\" width=\"100\" height=\"51\" src=\"http:\/\/beauweb.ca\/wp-content\/uploads\/2024\/04\/mysql-logo-1.png\" alt=\"\" class=\"wp-image-7026\"\/><\/figure>\n\n\n\n<figure class=\"wp-block-image size-full\"><img loading=\"lazy\" decoding=\"async\" width=\"100\" height=\"35\" src=\"http:\/\/beauweb.ca\/wp-content\/uploads\/2024\/04\/download.png\" alt=\"\" class=\"wp-image-7007\"\/><\/figure>\n\n\n\n<figure class=\"wp-block-image size-full\"><img loading=\"lazy\" decoding=\"async\" width=\"150\" height=\"34\" src=\"http:\/\/beauweb.ca\/wp-content\/uploads\/2024\/04\/1200px-WordPress_logo.svg_.png\" alt=\"\" class=\"wp-image-7027\"\/><\/figure>\n\n\n\n<figure class=\"wp-block-image size-full\"><img loading=\"lazy\" decoding=\"async\" width=\"150\" height=\"39\" src=\"http:\/\/beauweb.ca\/wp-content\/uploads\/2024\/04\/docker.png\" alt=\"\" class=\"wp-image-7003\"\/><\/figure>\n\n\n\n<figure class=\"wp-block-image size-full\"><img loading=\"lazy\" decoding=\"async\" width=\"150\" height=\"25\" src=\"http:\/\/beauweb.ca\/wp-content\/uploads\/2024\/04\/Vmware.svg_.png\" alt=\"\" class=\"wp-image-7016\"\/><\/figure>\n\n\n\n<figure class=\"wp-block-image size-full\"><img loading=\"lazy\" decoding=\"async\" width=\"150\" height=\"44\" src=\"http:\/\/beauweb.ca\/wp-content\/uploads\/2024\/04\/epicor-logo-copy.png\" alt=\"\" class=\"wp-image-7008\"\/><\/figure>\n<\/div>\n","protected":false},"excerpt":{"rendered":"<p>Nos Services Nous offrons tous les services pour la cr\u00e9ation de votre site. Et nous offrons aussi le service de r\u00e9servation et h\u00e9bergement de votre nom de domaine et l&rsquo;h\u00e9bergement pour votre site web. Nous sommes en informatique depuis les 30 derni\u00e8res ann\u00e9es. C&rsquo;est en 1994 avec l&rsquo;arriv\u00e9 de l&rsquo;internet que nous avons compris que &hellip; <\/p>\n<p class=\"link-more\"><a href=\"https:\/\/beauweb.ca\/\" class=\"more-link\">Lire la suite de<span class=\"screen-reader-text\">\u00ab\u00a0Homepage\u00a0\u00bb<\/span><\/a><\/p>\n","protected":false},"author":1,"featured_media":0,"parent":0,"menu_order":0,"comment_status":"closed","ping_status":"closed","template":"page-templates\/homepage-no-hero.php","meta":{"footnotes":""},"class_list":["post-6922","page","type-page","status-publish","hentry"],"_links":{"self":[{"href":"https:\/\/beauweb.ca\/index.php\/wp-json\/wp\/v2\/pages\/6922","targetHints":{"allow":["GET"]}}],"collection":[{"href":"https:\/\/beauweb.ca\/index.php\/wp-json\/wp\/v2\/pages"}],"about":[{"href":"https:\/\/beauweb.ca\/index.php\/wp-json\/wp\/v2\/types\/page"}],"author":[{"embeddable":true,"href":"https:\/\/beauweb.ca\/index.php\/wp-json\/wp\/v2\/users\/1"}],"replies":[{"embeddable":true,"href":"https:\/\/beauweb.ca\/index.php\/wp-json\/wp\/v2\/comments?post=6922"}],"version-history":[{"count":31,"href":"https:\/\/beauweb.ca\/index.php\/wp-json\/wp\/v2\/pages\/6922\/revisions"}],"predecessor-version":[{"id":7049,"href":"https:\/\/beauweb.ca\/index.php\/wp-json\/wp\/v2\/pages\/6922\/revisions\/7049"}],"wp:attachment":[{"href":"https:\/\/beauweb.ca\/index.php\/wp-json\/wp\/v2\/media?parent=6922"}],"curies":[{"name":"wp","href":"https:\/\/api.w.org\/{rel}","templated":true}]}}